{"id":154,"date":"2015-07-16T09:12:44","date_gmt":"2015-07-16T09:12:44","guid":{"rendered":"http:\/\/test.kriesi.at\/minimal-portfolio\/?page_id=154"},"modified":"2026-04-07T10:10:02","modified_gmt":"2026-04-07T08:10:02","slug":"bemutatkozas","status":"publish","type":"page","link":"https:\/\/craniofreed.com\/hu\/bemutatkozas\/","title":{"rendered":"Bemutatkoz\u00e1s"},"content":{"rendered":"<div id='av_section_1'  class='avia-section av-8ytdpu-92ad4086b1447afb5a76b0b5f96ff457 main_color avia-section-small avia-no-border-styling  avia-builder-el-0  el_before_av_section  avia-builder-el-first  avia-bg-style-scroll container_wrap fullsize'  ><div class='container av-section-cont-open' ><main  role=\"main\" itemprop=\"mainContentOfPage\"  class='template-page content  av-content-full alpha units'><div class='post-entry post-entry-type-page post-entry-154'><div class='entry-content-wrapper clearfix'>\n\n<style type=\"text\/css\" data-created_by=\"avia_inline_auto\" id=\"style-css-av-8unqde-89363ce50ce8df40c3b6578f896b5de3\">\n#top .av-special-heading.av-8unqde-89363ce50ce8df40c3b6578f896b5de3{\npadding-bottom:20px;\nfont-size:40px;\n}\nbody .av-special-heading.av-8unqde-89363ce50ce8df40c3b6578f896b5de3 .av-special-heading-tag .heading-char{\nfont-size:25px;\n}\n#top #wrap_all .av-special-heading.av-8unqde-89363ce50ce8df40c3b6578f896b5de3 .av-special-heading-tag{\nfont-size:40px;\n}\n.av-special-heading.av-8unqde-89363ce50ce8df40c3b6578f896b5de3 .av-subheading{\nfont-size:15px;\n}\n\n@media only screen and (min-width: 480px) and (max-width: 767px){ \n#top #wrap_all .av-special-heading.av-8unqde-89363ce50ce8df40c3b6578f896b5de3 .av-special-heading-tag{\nfont-size:0.8em;\n}\n}\n\n@media only screen and (max-width: 479px){ \n#top #wrap_all .av-special-heading.av-8unqde-89363ce50ce8df40c3b6578f896b5de3 .av-special-heading-tag{\nfont-size:0.8em;\n}\n}\n<\/style>\n<div  class='av-special-heading av-8unqde-89363ce50ce8df40c3b6578f896b5de3 av-special-heading-h1 blockquote modern-quote modern-centered  avia-builder-el-1  avia-builder-el-no-sibling  av-inherit-size'><h1 class='av-special-heading-tag '  itemprop=\"headline\"  >Bemutatkoz\u00e1s<\/h1><div class=\"special-heading-border\"><div class=\"special-heading-inner-border\"><\/div><\/div><\/div>\n\n<\/div><\/div><\/main><!-- close content main element --><\/div><\/div><div id='av_section_2'  class='avia-section av-dxv8y-7eabaf798c84388e7b7b26d0ba876798 main_color avia-section-default avia-no-border-styling  avia-builder-el-2  el_after_av_section  el_before_av_section  avia-bg-style-scroll container_wrap fullsize'  ><div class='container av-section-cont-open' ><div class='template-page content  av-content-full alpha units'><div class='post-entry post-entry-type-page post-entry-154'><div class='entry-content-wrapper clearfix'>\n<div  class='flex_column av-6sn7u-042e95dd43f47fdc1c65201c563ce108 av_one_fifth  avia-builder-el-3  el_before_av_three_fifth  avia-builder-el-first  first flex_column_div  '     ><\/div><div  class='flex_column av-m1ndz3e0-f8c576b1067b932bf4b61277f12e3392 av_three_fifth  avia-builder-el-4  el_after_av_one_fifth  el_before_av_one_fifth  flex_column_div  '     ><p>\n<style type=\"text\/css\" data-created_by=\"avia_inline_auto\" id=\"style-css-av-m1ndyp8p-bd27d3ce341b0d08153ab2098309bd13\">\n.avia-image-container.av-m1ndyp8p-bd27d3ce341b0d08153ab2098309bd13 img.avia_image{\nbox-shadow:none;\n}\n.avia-image-container.av-m1ndyp8p-bd27d3ce341b0d08153ab2098309bd13 .av-image-caption-overlay-center{\ncolor:#ffffff;\n}\n<\/style>\n<div  class='avia-image-container av-m1ndyp8p-bd27d3ce341b0d08153ab2098309bd13 av-styling- avia-align-center  avia-builder-el-5  el_before_av_heading  avia-builder-el-first '   itemprop=\"image\" itemscope=\"itemscope\" itemtype=\"https:\/\/schema.org\/ImageObject\" ><div class=\"avia-image-container-inner\"><div class=\"avia-image-overlay-wrap\"><img decoding=\"async\" fetchpriority=\"high\" class='wp-image-1348 avia-img-lazy-loading-not-1348 avia_image ' src=\"https:\/\/craniofreed.com\/wp-content\/uploads\/Mariann-1030x1030.jpg\" alt='' title='Mariann'  height=\"1030\" width=\"1030\"  itemprop=\"thumbnailUrl\" srcset=\"https:\/\/craniofreed.com\/wp-content\/uploads\/Mariann-1030x1030.jpg 1030w, https:\/\/craniofreed.com\/wp-content\/uploads\/Mariann-300x300.jpg 300w, https:\/\/craniofreed.com\/wp-content\/uploads\/Mariann-80x80.jpg 80w, https:\/\/craniofreed.com\/wp-content\/uploads\/Mariann-768x768.jpg 768w, https:\/\/craniofreed.com\/wp-content\/uploads\/Mariann-36x36.jpg 36w, https:\/\/craniofreed.com\/wp-content\/uploads\/Mariann-180x180.jpg 180w, https:\/\/craniofreed.com\/wp-content\/uploads\/Mariann-705x705.jpg 705w, https:\/\/craniofreed.com\/wp-content\/uploads\/Mariann.jpg 1067w\" sizes=\"(max-width: 1030px) 100vw, 1030px\" \/><\/div><\/div><\/div><br \/>\n\n<style type=\"text\/css\" data-created_by=\"avia_inline_auto\" id=\"style-css-av-m1ndjdvx-9c3b8cc11913987164da7870cec07941\">\n#top .av-special-heading.av-m1ndjdvx-9c3b8cc11913987164da7870cec07941{\npadding-bottom:10px;\n}\nbody .av-special-heading.av-m1ndjdvx-9c3b8cc11913987164da7870cec07941 .av-special-heading-tag .heading-char{\nfont-size:25px;\n}\n.av-special-heading.av-m1ndjdvx-9c3b8cc11913987164da7870cec07941 .av-subheading{\nfont-size:15px;\n}\n<\/style>\n<div  class='av-special-heading av-m1ndjdvx-9c3b8cc11913987164da7870cec07941 av-special-heading-h2 blockquote modern-quote  avia-builder-el-6  el_after_av_image  el_before_av_textblock '><h2 class='av-special-heading-tag '  itemprop=\"headline\"  >Freed Mariann<\/h2><div class=\"special-heading-border\"><div class=\"special-heading-inner-border\"><\/div><\/div><\/div><br \/>\n<section  class='av_textblock_section av-m1ndk9xy-2fd682f9ff4db64c22807d0b146b90aa '   itemscope=\"itemscope\" itemtype=\"https:\/\/schema.org\/CreativeWork\" ><div class='avia_textblock'  itemprop=\"text\" ><h5>Oktat\u00f3 \u00e9s praktiz\u00e1l\u00f3 craniosacr\u00e1lis reflexol\u00f3gus<\/h5>\n<\/div><\/section><\/p><\/div><div  class='flex_column av-113rm-466e4b6c9c4bd6b6a3d58dd523cf43ea av_one_fifth  avia-builder-el-8  el_after_av_three_fifth  avia-builder-el-last  flex_column_div  '     ><\/div><\/div><\/div><\/div><!-- close content main div --><\/div><\/div><div id='av_section_3'  class='avia-section av-k1gca-0204a7c2c56f3e044d184fe38ac9683c main_color avia-section-default avia-no-border-styling  avia-builder-el-9  el_after_av_section  avia-builder-el-last  avia-bg-style-scroll container_wrap fullsize'  ><div class='container av-section-cont-open' ><div class='template-page content  av-content-full alpha units'><div class='post-entry post-entry-type-page post-entry-154'><div class='entry-content-wrapper clearfix'>\n<div  class='flex_column av-f05c2-70a3dacf66abe20c31ee812d44260b92 av_two_third  avia-builder-el-10  el_before_av_one_third  avia-builder-el-first  first flex_column_div  '     ><section  class='av_textblock_section av-m1nedwgc-e93f6a07c7cca9930f33f5c784d99f4d '   itemscope=\"itemscope\" itemtype=\"https:\/\/schema.org\/CreativeWork\" ><div class='avia_textblock'  itemprop=\"text\" ><h2>Mariannr\u00f3l<\/h2>\n<p>Miut\u00e1n megszerezte a zene- el\u0151ad\u00f3m\u0171v\u00e9sz-tan\u00e1ri diploma BA fokozat\u00e1t \u00e9s 12 \u00e9vig a British Broadcating Corporation (BBC) Vil\u00e1gszolg\u00e1lat\u00e1n\u00e1l dolgozott. Mariann eg\u00e9szen m\u00e1s \u00fatra indult a holisztikus ter\u00e1pi\u00e1k ter\u00e9n, amikor 1996-ban aromater\u00e1pia gyakorlatot \u00e9s m\u0171k\u00f6d\u00e9si enged\u00e9lyt szerzett a London School od Aromatherapy-t\u00f3l.<\/p>\n<p>1999-t\u0151l f\u0151\u00e1ll\u00e1sban praktiz\u00e1lt aromater\u00e1pi\u00e1t, \u00e9s 2000-ben Ann Gillanders British School of Reflexology-ban reflexol\u00f3gus k\u00e9pes\u00edt\u00e9st is szerzett. Nagy szerencs\u00e9j\u00e9re 2001-ben tal\u00e1lkozott Dr. Martine Faure-Aldesonnal, \u00e9s 2002-ben a tan\u00edtv\u00e1nya is lett. Soha nem hagyta abba a tanul\u00e1st, id\u0151vel az egyik asszisztens\u00e9v\u00e9 v\u00e1lt, szorosan egy\u00fcttm\u0171k\u00f6d\u00f6tt Martine-nal a londoni klinik\u00e1j\u00e1n, \u00e9s vele utazott, amikor k\u00fclf\u00f6ld\u00f6n tan\u00edtott.<\/p>\n<p>2010 \u00f3ta a Faure-AldersonCraniosacr\u00e1lis Reflexol\u00f3gia okleveles tan\u00e1ra, tagja a Reflexol\u00f3gusok Sz\u00f6vets\u00e9g\u00e9nek (AoR), a Metamorphic Technika Sz\u00f6vets\u00e9g\u00e9nek \u00e9s az Interantional Council of Reflexologusts (ICR) Sz\u00f6vets\u00e9g\u00e9nek.<\/p>\n<p>Jelenleg a CSRI Academy of Excellence igazgat\u00f3ja.<\/p>\n<\/div><\/section><br \/>\n\n<style type=\"text\/css\" data-created_by=\"avia_inline_auto\" id=\"style-css-av-m434eogi-e11d784eccdc7a277e6898b14268ee24\">\n.avia-image-container.av-m434eogi-e11d784eccdc7a277e6898b14268ee24 img.avia_image{\nbox-shadow:none;\n}\n.avia-image-container.av-m434eogi-e11d784eccdc7a277e6898b14268ee24 .av-image-caption-overlay-center{\ncolor:#ffffff;\n}\n<\/style>\n<div  class='avia-image-container av-m434eogi-e11d784eccdc7a277e6898b14268ee24 av-styling- avia-align-center  avia-builder-el-12  el_after_av_textblock  avia-builder-el-last '   itemprop=\"image\" itemscope=\"itemscope\" itemtype=\"https:\/\/schema.org\/ImageObject\" ><div class=\"avia-image-container-inner\"><div class=\"avia-image-overlay-wrap\"><img decoding=\"async\" fetchpriority=\"high\" class='wp-image-997 avia-img-lazy-loading-not-997 avia_image ' src=\"https:\/\/craniofreed.com\/wp-content\/uploads\/MF_certificate-300x212.jpg\" alt='' title='Screenshot'  height=\"212\" width=\"300\"  itemprop=\"thumbnailUrl\" srcset=\"https:\/\/craniofreed.com\/wp-content\/uploads\/MF_certificate-300x212.jpg 300w, https:\/\/craniofreed.com\/wp-content\/uploads\/MF_certificate-1030x727.jpg 1030w, https:\/\/craniofreed.com\/wp-content\/uploads\/MF_certificate-768x542.jpg 768w, https:\/\/craniofreed.com\/wp-content\/uploads\/MF_certificate-1536x1084.jpg 1536w, https:\/\/craniofreed.com\/wp-content\/uploads\/MF_certificate-1500x1059.jpg 1500w, https:\/\/craniofreed.com\/wp-content\/uploads\/MF_certificate-260x185.jpg 260w, https:\/\/craniofreed.com\/wp-content\/uploads\/MF_certificate-705x498.jpg 705w, https:\/\/craniofreed.com\/wp-content\/uploads\/MF_certificate.jpg 1978w\" sizes=\"(max-width: 300px) 100vw, 300px\" \/><\/div><\/div><\/div><\/p><\/div><div  class='flex_column av-angwi-cb055877044b1ce0dbf090031d018241 av_one_third  avia-builder-el-13  el_after_av_two_third  avia-builder-el-last  flex_column_div  '     ><section  class='av_textblock_section av-m1nenqq2-f88d9ef617706963e8dd44970e9e3057 '   itemscope=\"itemscope\" itemtype=\"https:\/\/schema.org\/CreativeWork\" ><div class='avia_textblock'  itemprop=\"text\" ><h3>Elhelyezked\u00e9s:<\/h3>\n<p>Hampton, Middlesex (Egyes\u00fclt Kir\u00e1lys\u00e1g)<\/p>\n<h3>Tov\u00e1bbi ter\u00e1pi\u00e1k:<\/h3>\n<ul>\n<li>Aromater\u00e1pia<\/li>\n<li>Massz\u00e1zs<\/li>\n<li>Reiki<\/li>\n<li>ROSSITER Rendszer<\/li>\n<li>Aromater\u00e1pia alkalmaz\u00e1sa \u00e1llatokra<\/li>\n<\/ul>\n<h3>K\u00e9pes\u00edt\u00e9sek:<\/h3>\n<ul>\n<li>Craniosacr\u00e1lis Reflexol\u00f3gia, Oktat\u00f3 (CSRI Academy of Excellence)<\/li>\n<li>Atomater\u00e1pia (London School of Aromatherapy)<\/li>\n<li>Metamorpic Technika Alkalmaz\u00f3ja (Metamorphic Association)<\/li>\n<\/ul>\n<\/div><\/section><\/div>\n<\/p>\n","protected":false},"excerpt":{"rendered":"","protected":false},"author":1,"featured_media":0,"parent":0,"menu_order":0,"comment_status":"open","ping_status":"closed","template":"","meta":{"_bbp_topic_count":0,"_bbp_reply_count":0,"_bbp_total_topic_count":0,"_bbp_total_reply_count":0,"_bbp_voice_count":0,"_bbp_anonymous_reply_count":0,"_bbp_topic_count_hidden":0,"_bbp_reply_count_hidden":0,"_bbp_forum_subforum_count":0,"footnotes":""},"class_list":["post-154","page","type-page","status-publish","hentry"],"_links":{"self":[{"href":"https:\/\/craniofreed.com\/hu\/wp-json\/wp\/v2\/pages\/154","targetHints":{"allow":["GET"]}}],"collection":[{"href":"https:\/\/craniofreed.com\/hu\/wp-json\/wp\/v2\/pages"}],"about":[{"href":"https:\/\/craniofreed.com\/hu\/wp-json\/wp\/v2\/types\/page"}],"author":[{"embeddable":true,"href":"https:\/\/craniofreed.com\/hu\/wp-json\/wp\/v2\/users\/1"}],"replies":[{"embeddable":true,"href":"https:\/\/craniofreed.com\/hu\/wp-json\/wp\/v2\/comments?post=154"}],"version-history":[{"count":18,"href":"https:\/\/craniofreed.com\/hu\/wp-json\/wp\/v2\/pages\/154\/revisions"}],"predecessor-version":[{"id":1351,"href":"https:\/\/craniofreed.com\/hu\/wp-json\/wp\/v2\/pages\/154\/revisions\/1351"}],"wp:attachment":[{"href":"https:\/\/craniofreed.com\/hu\/wp-json\/wp\/v2\/media?parent=154"}],"curies":[{"name":"wp","href":"https:\/\/api.w.org\/{rel}","templated":true}]}}