{"id":156,"date":"2015-07-16T09:12:51","date_gmt":"2015-07-16T09:12:51","guid":{"rendered":"http:\/\/test.kriesi.at\/minimal-portfolio\/?page_id=156"},"modified":"2026-04-07T10:10:28","modified_gmt":"2026-04-07T08:10:28","slug":"kapcsolat","status":"publish","type":"page","link":"https:\/\/craniofreed.com\/hu\/kapcsolat\/","title":{"rendered":"Kapcsolat"},"content":{"rendered":"<div id='av_section_1'  class='avia-section av-av_section-51a17668d5bda34d61bbe3915c8f76fa main_color avia-section-huge avia-no-border-styling  avia-builder-el-0  avia-builder-el-no-sibling  avia-bg-style-scroll container_wrap fullsize'  ><div class='container av-section-cont-open' ><main  role=\"main\" itemprop=\"mainContentOfPage\"  class='template-page content  av-content-full alpha units'><div class='post-entry post-entry-type-page post-entry-156'><div class='entry-content-wrapper clearfix'>\n\n<style type=\"text\/css\" data-created_by=\"avia_inline_auto\" id=\"style-css-av-m4350ajc-3a0d0215cce640e309cba670e639f4a9\">\n#top .av-special-heading.av-m4350ajc-3a0d0215cce640e309cba670e639f4a9{\npadding-bottom:20px;\nfont-size:40px;\n}\nbody .av-special-heading.av-m4350ajc-3a0d0215cce640e309cba670e639f4a9 .av-special-heading-tag .heading-char{\nfont-size:25px;\n}\n#top #wrap_all .av-special-heading.av-m4350ajc-3a0d0215cce640e309cba670e639f4a9 .av-special-heading-tag{\nfont-size:40px;\n}\n.av-special-heading.av-m4350ajc-3a0d0215cce640e309cba670e639f4a9 .av-subheading{\nfont-size:15px;\n}\n\n@media only screen and (min-width: 480px) and (max-width: 767px){ \n#top #wrap_all .av-special-heading.av-m4350ajc-3a0d0215cce640e309cba670e639f4a9 .av-special-heading-tag{\nfont-size:0.8em;\n}\n}\n\n@media only screen and (max-width: 479px){ \n#top #wrap_all .av-special-heading.av-m4350ajc-3a0d0215cce640e309cba670e639f4a9 .av-special-heading-tag{\nfont-size:0.8em;\n}\n}\n<\/style>\n<div  class='av-special-heading av-m4350ajc-3a0d0215cce640e309cba670e639f4a9 av-special-heading-h1 blockquote modern-quote modern-centered  avia-builder-el-1  el_before_av_one_half  avia-builder-el-first  av-inherit-size'><h1 class='av-special-heading-tag '  itemprop=\"headline\"  >K\u00e9rd\u00e9st szeretne feltenni?<br \/>\n\u00cdrjon \u00fczenetet!<\/h1><div class=\"special-heading-border\"><div class=\"special-heading-inner-border\"><\/div><\/div><\/div>\n\n<style type=\"text\/css\" data-created_by=\"avia_inline_auto\" id=\"style-css-av-av_one_half-f1f88be822a74ccd78731c222cb053c2\">\n.flex_column.av-av_one_half-f1f88be822a74ccd78731c222cb053c2{\nborder-radius:0px 0px 0px 0px;\npadding:0px 0px 0px 0px;\n}\n<\/style>\n<div  class='flex_column av-av_one_half-f1f88be822a74ccd78731c222cb053c2 av_one_half  avia-builder-el-2  el_after_av_heading  el_before_av_one_half  first flex_column_div av-zero-column-padding  '     ><p>\n<style type=\"text\/css\" data-created_by=\"avia_inline_auto\" id=\"style-css-av-m4350r45-0740d2becea585c4eb56a0a2fa6384ba\">\n#top .av-special-heading.av-m4350r45-0740d2becea585c4eb56a0a2fa6384ba{\npadding-bottom:10px;\n}\nbody .av-special-heading.av-m4350r45-0740d2becea585c4eb56a0a2fa6384ba .av-special-heading-tag .heading-char{\nfont-size:25px;\n}\n.av-special-heading.av-m4350r45-0740d2becea585c4eb56a0a2fa6384ba .av-subheading{\nfont-size:15px;\n}\n<\/style>\n<div  class='av-special-heading av-m4350r45-0740d2becea585c4eb56a0a2fa6384ba av-special-heading-h3 blockquote modern-quote  avia-builder-el-3  el_before_av_textblock  avia-builder-el-first '><h3 class='av-special-heading-tag '  itemprop=\"headline\"  >El\u00e9rhet\u0151s\u00e9g<\/h3><div class=\"special-heading-border\"><div class=\"special-heading-inner-border\"><\/div><\/div><\/div><br \/>\n<section  class='av_textblock_section av-av_textblock-564067357eb74c20cdd60b282c9b50bd '   itemscope=\"itemscope\" itemtype=\"https:\/\/schema.org\/CreativeWork\" ><div class='avia_textblock'  itemprop=\"text\" ><p><strong>Hampton<\/strong><br \/>\nMiddlesex, UK<\/p>\n<p><a href=\"mailto:mariann@craniofreed.com\">mariann@craniofreed.com<\/a><br \/>\n<a href=\"tel:+44 774 389 5772\">+44 774 389 5772<\/a><\/p>\n<\/div><\/section><\/p><\/div>\n<style type=\"text\/css\" data-created_by=\"avia_inline_auto\" id=\"style-css-av-av_one_half-699248f23a309dda907cee54960fbaa0\">\n.flex_column.av-av_one_half-699248f23a309dda907cee54960fbaa0{\nborder-radius:0px 0px 0px 0px;\npadding:0px 0px 0px 0px;\n}\n<\/style>\n<div  class='flex_column av-av_one_half-699248f23a309dda907cee54960fbaa0 av_one_half  avia-builder-el-5  el_after_av_one_half  avia-builder-el-last  flex_column_div av-zero-column-padding  '     ><form action=\"https:\/\/craniofreed.com\/hu\/kapcsolat\/\" method=\"post\" data-fields-with-error=\"Found errors in the following field(s):\" class=\"avia_ajax_form av-form-labels-hidden   avia-builder-el-6  avia-builder-el-no-sibling   \" data-avia-form-id=\"1\" data-avia-redirect=''  aria-label='Contact Form' ><fieldset><p class='  first_form  form_element form_element_third' id='element_avia_1_1'><label for=\"avia_1_1\">N\u00e9v <abbr class=\"required\" title=\"required\">*<\/abbr><\/label> <input name=\"avia_1_1\" class=\"text_input is_empty\" type=\"text\" id=\"avia_1_1\" value=\"\"  placeholder='N\u00e9v*'\/><\/p><p class='  form_element form_element_third' id='element_avia_2_1'><label for=\"avia_2_1\">E-Mail <abbr class=\"required\" title=\"required\">*<\/abbr><\/label> <input name=\"avia_2_1\" class=\"text_input is_email\" type=\"text\" id=\"avia_2_1\" value=\"\"  placeholder='E-Mail*'\/><\/p><p class='  form_element form_element_third' id='element_avia_3_1'><label for=\"avia_3_1\">\u00dczenet t\u00e1rgya <abbr class=\"required\" title=\"required\">*<\/abbr><\/label> <input name=\"avia_3_1\" class=\"text_input is_empty\" type=\"text\" id=\"avia_3_1\" value=\"\"  placeholder='\u00dczenet t\u00e1rgya*'\/><\/p><p class='  first_form  form_element form_fullwidth' id='element_avia_4_1'><label for=\"avia_4_1\" class=\"textare_label hidden textare_label_avia_4_1\">\u00dczenet <abbr class=\"required\" title=\"required\">*<\/abbr><\/label><textarea  placeholder='\u00dczenet*' name=\"avia_4_1\" class=\"text_area is_empty\" cols=\"40\" rows=\"7\" id=\"avia_4_1\" ><\/textarea><\/p><p class=\"hidden\"><input type=\"text\" name=\"avia_5_1\" class=\"hidden \" id=\"avia_5_1\" value=\"\" \/><\/p><p class='   form_element form_fullwidth' id='element_avia_6_1'><span class='value_verifier_label'>5 + 3 = ?<\/span><input name=\"avia_6_1_verifier\" type=\"hidden\" id=\"avia_6_1_verifier\" value=\"844324488\"\/><label for=\"avia_6_1\">Please prove that you are human by solving the equation <abbr class=\"required\" title=\"required\">*<\/abbr><\/label><input name=\"avia_6_1\" class=\"text_input captcha\" type=\"text\" id=\"avia_6_1\" value=\"\"\/><\/p><p class=\"form_element \"><input type=\"hidden\" value=\"1\" name=\"avia_generated_form1\" \/><input type=\"submit\" value=\"K\u00fcld\u00e9s\" class=\"button\"  data-sending-label=\"K\u00fcld\u00e9s\"\/><\/p><\/fieldset><\/form><div id=\"ajaxresponse_1\" class=\"ajaxresponse ajaxresponse_1 hidden\"><\/div><\/div>\n","protected":false},"excerpt":{"rendered":"","protected":false},"author":1,"featured_media":0,"parent":0,"menu_order":0,"comment_status":"open","ping_status":"closed","template":"","meta":{"_bbp_topic_count":0,"_bbp_reply_count":0,"_bbp_total_topic_count":0,"_bbp_total_reply_count":0,"_bbp_voice_count":0,"_bbp_anonymous_reply_count":0,"_bbp_topic_count_hidden":0,"_bbp_reply_count_hidden":0,"_bbp_forum_subforum_count":0,"footnotes":""},"class_list":["post-156","page","type-page","status-publish","hentry"],"_links":{"self":[{"href":"https:\/\/craniofreed.com\/hu\/wp-json\/wp\/v2\/pages\/156","targetHints":{"allow":["GET"]}}],"collection":[{"href":"https:\/\/craniofreed.com\/hu\/wp-json\/wp\/v2\/pages"}],"about":[{"href":"https:\/\/craniofreed.com\/hu\/wp-json\/wp\/v2\/types\/page"}],"author":[{"embeddable":true,"href":"https:\/\/craniofreed.com\/hu\/wp-json\/wp\/v2\/users\/1"}],"replies":[{"embeddable":true,"href":"https:\/\/craniofreed.com\/hu\/wp-json\/wp\/v2\/comments?post=156"}],"version-history":[{"count":4,"href":"https:\/\/craniofreed.com\/hu\/wp-json\/wp\/v2\/pages\/156\/revisions"}],"predecessor-version":[{"id":509,"href":"https:\/\/craniofreed.com\/hu\/wp-json\/wp\/v2\/pages\/156\/revisions\/509"}],"wp:attachment":[{"href":"https:\/\/craniofreed.com\/hu\/wp-json\/wp\/v2\/media?parent=156"}],"curies":[{"name":"wp","href":"https:\/\/api.w.org\/{rel}","templated":true}]}}