{"id":515,"date":"2024-09-28T09:21:42","date_gmt":"2024-09-28T07:21:42","guid":{"rendered":"http:\/\/craniofreed.korpak.hu\/?page_id=515"},"modified":"2026-04-07T10:10:53","modified_gmt":"2026-04-07T08:10:53","slug":"tanfolyamok","status":"publish","type":"page","link":"https:\/\/craniofreed.com\/hu\/tanfolyamok\/","title":{"rendered":"Tanfolyamok"},"content":{"rendered":"<div id='av_section_1'  class='avia-section av-1k0ln-da4b162096a725f484c053d9719c5b11 main_color avia-section-small avia-no-border-styling  avia-builder-el-0  el_before_av_section  avia-builder-el-first  avia-bg-style-scroll container_wrap fullsize'  ><div class='container av-section-cont-open' ><main  role=\"main\" itemprop=\"mainContentOfPage\"  class='template-page content  av-content-full alpha units'><div class='post-entry post-entry-type-page post-entry-515'><div class='entry-content-wrapper clearfix'>\n\n<style type=\"text\/css\" data-created_by=\"avia_inline_auto\" id=\"style-css-av-m1ner56z-212477e546e2c324003b0f136eab9be4\">\n#top .av-special-heading.av-m1ner56z-212477e546e2c324003b0f136eab9be4{\npadding-bottom:20px;\nfont-size:40px;\n}\nbody .av-special-heading.av-m1ner56z-212477e546e2c324003b0f136eab9be4 .av-special-heading-tag .heading-char{\nfont-size:25px;\n}\n#top #wrap_all .av-special-heading.av-m1ner56z-212477e546e2c324003b0f136eab9be4 .av-special-heading-tag{\nfont-size:40px;\n}\n.av-special-heading.av-m1ner56z-212477e546e2c324003b0f136eab9be4 .av-subheading{\nfont-size:15px;\n}\n\n@media only screen and (min-width: 480px) and (max-width: 767px){ \n#top #wrap_all .av-special-heading.av-m1ner56z-212477e546e2c324003b0f136eab9be4 .av-special-heading-tag{\nfont-size:0.8em;\n}\n}\n\n@media only screen and (max-width: 479px){ \n#top #wrap_all .av-special-heading.av-m1ner56z-212477e546e2c324003b0f136eab9be4 .av-special-heading-tag{\nfont-size:0.8em;\n}\n}\n<\/style>\n<div  class='av-special-heading av-m1ner56z-212477e546e2c324003b0f136eab9be4 av-special-heading-h1 blockquote modern-quote modern-centered  avia-builder-el-1  avia-builder-el-no-sibling  av-inherit-size'><h1 class='av-special-heading-tag '  itemprop=\"headline\"  >Tanfolyamok<\/h1><div class=\"special-heading-border\"><div class=\"special-heading-inner-border\"><\/div><\/div><\/div>\n\n<\/div><\/div><\/main><!-- close content main element --><\/div><\/div><div id='av_section_2'  class='avia-section av-av_section-d5102fe9958d1af3c4fc5c0d45a0bd10 main_color avia-section-default avia-no-border-styling  avia-builder-el-2  el_after_av_section  avia-builder-el-last  avia-bg-style-scroll container_wrap fullsize'  ><div class='container av-section-cont-open' ><div class='template-page content  av-content-full alpha units'><div class='post-entry post-entry-type-page post-entry-515'><div class='entry-content-wrapper clearfix'>\n<div id='av-masonry-1' class='av-masonry av-av_masonry_entries-6cc89b219dcad8e7ba40d9fa10947a41 noHover av-fixed-size av-large-gap av-hover-overlay-active av-masonry-animation-active av-masonry-col-2 av-caption-always av-caption-style- av-masonry-entries ' data-post_id=\"515\"><div class=\"av-masonry-container isotope av-js-disabled\"><div class='av-masonry-entry isotope-item av-masonry-item-no-image all_sort tanfolyamok_sort '><\/div><a href=\"https:\/\/craniofreed.com\/hu\/tanfolyam\/bevezetes-a-craniosacralis-reflexologia-alapjaiba\/\"  id='av-masonry-1-item-1323' data-av-masonry-item='1323' class='av-masonry-entry isotope-item post-1323 portfolio type-portfolio status-publish has-post-thumbnail hentry portfolio_entries-tanfolyamok all_sort tanfolyamok_sort  av-masonry-item-with-image' title=\"csri1.jpg\"   itemscope=\"itemscope\" itemtype=\"https:\/\/schema.org\/CreativeWork\" ><div class='av-inner-masonry-sizer'><\/div><figure class='av-inner-masonry main_color'><div class=\"av-masonry-outerimage-container\"><div class='av-masonry-image-container' style=\"background-image: url(https:\/\/craniofreed.com\/wp-content\/uploads\/csri1.jpg-705x705.webp);\"  title=\"csri1.jpg\" ><\/div><\/div><figcaption class='av-inner-masonry-content site-background'><div class='av-inner-masonry-content-pos'><div class='av-inner-masonry-content-pos-content'><div class='avia-arrow'><\/div><h3 class='av-masonry-entry-title entry-title '  itemprop=\"headline\" >BEVEZET\u00c9S A CRANIOSACR\u00c1LIS REFLEXOL\u00d3GIA ALAPJAIBA<\/h3><\/div><\/div><\/figcaption><\/figure><\/a><!--end av-masonry entry--><a href=\"https:\/\/craniofreed.com\/hu\/tanfolyam\/faure-alderson-craniosacralis-reflexologia-1-evfolyam-alapito-ev\/\"  id='av-masonry-1-item-142' data-av-masonry-item='142' class='av-masonry-entry isotope-item post-142 portfolio type-portfolio status-publish has-post-thumbnail hentry portfolio_entries-tanfolyamok all_sort tanfolyamok_sort  av-masonry-item-with-image' title=\"IMG_1471\"   itemscope=\"itemscope\" itemtype=\"https:\/\/schema.org\/CreativeWork\" ><div class='av-inner-masonry-sizer'><\/div><figure class='av-inner-masonry main_color'><div class=\"av-masonry-outerimage-container\"><div class='av-masonry-image-container' style=\"background-image: url(https:\/\/craniofreed.com\/wp-content\/uploads\/IMG_1471-705x447.jpg);\"  title=\"IMG_1471\" ><\/div><\/div><figcaption class='av-inner-masonry-content site-background'><div class='av-inner-masonry-content-pos'><div class='av-inner-masonry-content-pos-content'><div class='avia-arrow'><\/div><h3 class='av-masonry-entry-title entry-title '  itemprop=\"headline\" >FAURE-ALDERSON CRANIOSACR\u00c1LIS REFLEXOL\u00d3GIA: 1. \u00e9vfolyam: Alap\u00edt\u00f3 \u00c9v<\/h3><\/div><\/div><\/figcaption><\/figure><\/a><!--end av-masonry entry--><a href=\"https:\/\/craniofreed.com\/hu\/tanfolyam\/cranio-sacral-reflexology-faure-aldeson-2nd-year-postgraduate\/\"  id='av-masonry-1-item-146' data-av-masonry-item='146' class='av-masonry-entry isotope-item post-146 portfolio type-portfolio status-publish has-post-thumbnail hentry portfolio_entries-tanfolyamok all_sort tanfolyamok_sort  av-masonry-item-with-image' title=\"IMG_7766\"   itemscope=\"itemscope\" itemtype=\"https:\/\/schema.org\/CreativeWork\" ><div class='av-inner-masonry-sizer'><\/div><figure class='av-inner-masonry main_color'><div class=\"av-masonry-outerimage-container\"><div class='av-masonry-image-container' style=\"background-image: url(https:\/\/craniofreed.com\/wp-content\/uploads\/IMG_7766-705x444.jpeg);\"  title=\"IMG_7766\" ><\/div><\/div><figcaption class='av-inner-masonry-content site-background'><div class='av-inner-masonry-content-pos'><div class='av-inner-masonry-content-pos-content'><div class='avia-arrow'><\/div><h3 class='av-masonry-entry-title entry-title '  itemprop=\"headline\" >FAURE-ALDERSON CRANIOSACR\u00c1LIS REFLEXOL\u00d3GIA: 2. \u00c9vfolyam (Posztgradu\u00e1lis K\u00e9pz\u00e9s)<\/h3><\/div><\/div><\/figcaption><\/figure><\/a><!--end av-masonry entry--><a href=\"https:\/\/craniofreed.com\/hu\/tanfolyam\/agyi-es-whiplash-serulesek-a-craniosacralis-reflexologiaban\/\"  id='av-masonry-1-item-144' data-av-masonry-item='144' class='av-masonry-entry isotope-item post-144 portfolio type-portfolio status-publish has-post-thumbnail hentry portfolio_entries-tanfolyamok all_sort tanfolyamok_sort  av-masonry-item-with-image' title=\"IMG_1480\"   itemscope=\"itemscope\" itemtype=\"https:\/\/schema.org\/CreativeWork\" ><div class='av-inner-masonry-sizer'><\/div><figure class='av-inner-masonry main_color'><div class=\"av-masonry-outerimage-container\"><div class='av-masonry-image-container' style=\"background-image: url(https:\/\/craniofreed.com\/wp-content\/uploads\/IMG_1480-705x322.jpg);\"  title=\"IMG_1480\" ><\/div><\/div><figcaption class='av-inner-masonry-content site-background'><div class='av-inner-masonry-content-pos'><div class='av-inner-masonry-content-pos-content'><div class='avia-arrow'><\/div><h3 class='av-masonry-entry-title entry-title '  itemprop=\"headline\" >AGYI \u00c9S WHIPLASH S\u00c9R\u00dcL\u00c9SEK A CRANIOSACR\u00c1LIS REFLEXOL\u00d3GI\u00c1BAN<\/h3><\/div><\/div><\/figcaption><\/figure><\/a><!--end av-masonry entry--><\/div><\/div>\n\n","protected":false},"excerpt":{"rendered":"","protected":false},"author":1,"featured_media":0,"parent":0,"menu_order":0,"comment_status":"closed","ping_status":"closed","template":"","meta":{"_bbp_topic_count":0,"_bbp_reply_count":0,"_bbp_total_topic_count":0,"_bbp_total_reply_count":0,"_bbp_voice_count":0,"_bbp_anonymous_reply_count":0,"_bbp_topic_count_hidden":0,"_bbp_reply_count_hidden":0,"_bbp_forum_subforum_count":0,"footnotes":""},"class_list":["post-515","page","type-page","status-publish","hentry"],"_links":{"self":[{"href":"https:\/\/craniofreed.com\/hu\/wp-json\/wp\/v2\/pages\/515","targetHints":{"allow":["GET"]}}],"collection":[{"href":"https:\/\/craniofreed.com\/hu\/wp-json\/wp\/v2\/pages"}],"about":[{"href":"https:\/\/craniofreed.com\/hu\/wp-json\/wp\/v2\/types\/page"}],"author":[{"embeddable":true,"href":"https:\/\/craniofreed.com\/hu\/wp-json\/wp\/v2\/users\/1"}],"replies":[{"embeddable":true,"href":"https:\/\/craniofreed.com\/hu\/wp-json\/wp\/v2\/comments?post=515"}],"version-history":[{"count":8,"href":"https:\/\/craniofreed.com\/hu\/wp-json\/wp\/v2\/pages\/515\/revisions"}],"predecessor-version":[{"id":1288,"href":"https:\/\/craniofreed.com\/hu\/wp-json\/wp\/v2\/pages\/515\/revisions\/1288"}],"wp:attachment":[{"href":"https:\/\/craniofreed.com\/hu\/wp-json\/wp\/v2\/media?parent=515"}],"curies":[{"name":"wp","href":"https:\/\/api.w.org\/{rel}","templated":true}]}}